{"id":1602,"date":"2023-09-12T15:36:23","date_gmt":"2023-09-12T13:36:23","guid":{"rendered":"https:\/\/hpbcrti.com\/videos\/"},"modified":"2023-09-12T15:36:23","modified_gmt":"2023-09-12T13:36:23","slug":"videos","status":"publish","type":"page","link":"https:\/\/hpbcrti.com\/ca\/videos\/","title":{"rendered":"V\u00eddeos"},"content":{"rendered":"","protected":false},"excerpt":{"rendered":"","protected":false},"author":1,"featured_media":0,"parent":0,"menu_order":0,"comment_status":"closed","ping_status":"closed","template":"page-news-category.php","meta":{"_acf_changed":false,"footnotes":""},"acf":[],"yoast_head":"<!-- This site is optimized with the Yoast SEO plugin v21.1 - https:\/\/yoast.com\/wordpress\/plugins\/seo\/ -->\n<title>V\u00eddeos - HPB Can Ruti<\/title>\n<meta name=\"robots\" content=\"index, follow, max-snippet:-1, max-image-preview:large, max-video-preview:-1\" \/>\n<link rel=\"canonical\" href=\"https:\/\/hpbcrti.com\/ca\/videos\/\" \/>\n<meta property=\"og:locale\" content=\"ca_ES\" \/>\n<meta property=\"og:type\" content=\"article\" \/>\n<meta property=\"og:title\" content=\"V\u00eddeos - HPB Can Ruti\" \/>\n<meta property=\"og:url\" content=\"https:\/\/hpbcrti.com\/ca\/videos\/\" \/>\n<meta property=\"og:site_name\" content=\"HPB Can Ruti\" \/>\n<meta name=\"twitter:card\" content=\"summary_large_image\" \/>\n<script type=\"application\/ld+json\" class=\"yoast-schema-graph\">{\"@context\":\"https:\/\/schema.org\",\"@graph\":[{\"@type\":\"WebPage\",\"@id\":\"https:\/\/hpbcrti.com\/ca\/videos\/\",\"url\":\"https:\/\/hpbcrti.com\/ca\/videos\/\",\"name\":\"V\u00eddeos - HPB Can Ruti\",\"isPartOf\":{\"@id\":\"https:\/\/www.hpbcrti.com\/ca\/#website\"},\"datePublished\":\"2023-09-12T13:36:23+00:00\",\"dateModified\":\"2023-09-12T13:36:23+00:00\",\"breadcrumb\":{\"@id\":\"https:\/\/hpbcrti.com\/ca\/videos\/#breadcrumb\"},\"inLanguage\":\"ca\",\"potentialAction\":[{\"@type\":\"ReadAction\",\"target\":[\"https:\/\/hpbcrti.com\/ca\/videos\/\"]}]},{\"@type\":\"BreadcrumbList\",\"@id\":\"https:\/\/hpbcrti.com\/ca\/videos\/#breadcrumb\",\"itemListElement\":[{\"@type\":\"ListItem\",\"position\":1,\"name\":\"Portada\",\"item\":\"https:\/\/www.hpbcrti.com\/ca\/\"},{\"@type\":\"ListItem\",\"position\":2,\"name\":\"V\u00eddeos\"}]},{\"@type\":\"WebSite\",\"@id\":\"https:\/\/www.hpbcrti.com\/ca\/#website\",\"url\":\"https:\/\/www.hpbcrti.com\/ca\/\",\"name\":\"HPB Can Ruti\",\"description\":\"Grupo especializado y l\u00edder en procedimientos quir\u00fargicos avanzados para tratar enfermedades del h\u00edgado, el p\u00e1ncreas y las v\u00edas biliares\",\"potentialAction\":[{\"@type\":\"SearchAction\",\"target\":{\"@type\":\"EntryPoint\",\"urlTemplate\":\"https:\/\/www.hpbcrti.com\/ca\/?s={search_term_string}\"},\"query-input\":\"required name=search_term_string\"}],\"inLanguage\":\"ca\"}]}<\/script>\n<!-- \/ Yoast SEO plugin. -->","yoast_head_json":{"title":"V\u00eddeos - HPB Can Ruti","robots":{"index":"index","follow":"follow","max-snippet":"max-snippet:-1","max-image-preview":"max-image-preview:large","max-video-preview":"max-video-preview:-1"},"canonical":"https:\/\/hpbcrti.com\/ca\/videos\/","og_locale":"ca_ES","og_type":"article","og_title":"V\u00eddeos - HPB Can Ruti","og_url":"https:\/\/hpbcrti.com\/ca\/videos\/","og_site_name":"HPB Can Ruti","twitter_card":"summary_large_image","schema":{"@context":"https:\/\/schema.org","@graph":[{"@type":"WebPage","@id":"https:\/\/hpbcrti.com\/ca\/videos\/","url":"https:\/\/hpbcrti.com\/ca\/videos\/","name":"V\u00eddeos - HPB Can Ruti","isPartOf":{"@id":"https:\/\/www.hpbcrti.com\/ca\/#website"},"datePublished":"2023-09-12T13:36:23+00:00","dateModified":"2023-09-12T13:36:23+00:00","breadcrumb":{"@id":"https:\/\/hpbcrti.com\/ca\/videos\/#breadcrumb"},"inLanguage":"ca","potentialAction":[{"@type":"ReadAction","target":["https:\/\/hpbcrti.com\/ca\/videos\/"]}]},{"@type":"BreadcrumbList","@id":"https:\/\/hpbcrti.com\/ca\/videos\/#breadcrumb","itemListElement":[{"@type":"ListItem","position":1,"name":"Portada","item":"https:\/\/www.hpbcrti.com\/ca\/"},{"@type":"ListItem","position":2,"name":"V\u00eddeos"}]},{"@type":"WebSite","@id":"https:\/\/www.hpbcrti.com\/ca\/#website","url":"https:\/\/www.hpbcrti.com\/ca\/","name":"HPB Can Ruti","description":"Grupo especializado y l\u00edder en procedimientos quir\u00fargicos avanzados para tratar enfermedades del h\u00edgado, el p\u00e1ncreas y las v\u00edas biliares","potentialAction":[{"@type":"SearchAction","target":{"@type":"EntryPoint","urlTemplate":"https:\/\/www.hpbcrti.com\/ca\/?s={search_term_string}"},"query-input":"required name=search_term_string"}],"inLanguage":"ca"}]}},"_links":{"self":[{"href":"https:\/\/hpbcrti.com\/ca\/wp-json\/wp\/v2\/pages\/1602"}],"collection":[{"href":"https:\/\/hpbcrti.com\/ca\/wp-json\/wp\/v2\/pages"}],"about":[{"href":"https:\/\/hpbcrti.com\/ca\/wp-json\/wp\/v2\/types\/page"}],"author":[{"embeddable":true,"href":"https:\/\/hpbcrti.com\/ca\/wp-json\/wp\/v2\/users\/1"}],"replies":[{"embeddable":true,"href":"https:\/\/hpbcrti.com\/ca\/wp-json\/wp\/v2\/comments?post=1602"}],"version-history":[{"count":0,"href":"https:\/\/hpbcrti.com\/ca\/wp-json\/wp\/v2\/pages\/1602\/revisions"}],"wp:attachment":[{"href":"https:\/\/hpbcrti.com\/ca\/wp-json\/wp\/v2\/media?parent=1602"}],"curies":[{"name":"wp","href":"https:\/\/api.w.org\/{rel}","templated":true}]}}